{"id":941,"date":"2024-11-12T10:45:55","date_gmt":"2024-11-12T10:45:55","guid":{"rendered":"https:\/\/lconsulting.ch\/?page_id=941"},"modified":"2024-11-23T19:03:48","modified_gmt":"2024-11-23T19:03:48","slug":"schulungen","status":"publish","type":"page","link":"https:\/\/lconsulting.ch\/en\/schulungen\/","title":{"rendered":"Training"},"content":{"rendered":"<p>[et_pb_section fb_built=&#8220;1&#8243; admin_label=&#8220;Header&#8220; _builder_version=&#8220;4.27.2&#8243; _module_preset=&#8220;default&#8220; use_background_color_gradient=&#8220;on&#8220; background_color_gradient_stops=&#8220;rgba(0,0,0,0.5) 0%|rgba(0,0,0,0.5) 100%&#8220; background_color_gradient_overlays_image=&#8220;on&#8220; background_image=&#8220;https:\/\/lconsulting.ch\/wp-content\/uploads\/2024\/11\/rolneee.jpg&#8220; background_enable_video_mp4=&#8220;off&#8220; width=&#8220;100%&#8220; max_width=&#8220;100%&#8220; min_height=&#8220;716px&#8220; height=&#8220;425px&#8220; max_height=&#8220;647px&#8220; custom_padding=&#8220;2vw||2vw||true|false&#8220; locked=&#8220;off&#8220; collapsed=&#8220;on&#8220; global_colors_info=&#8220;{}&#8220;][et_pb_row _builder_version=&#8220;4.20.0&#8243; _module_preset=&#8220;default&#8220; global_colors_info=&#8220;{}&#8220;][et_pb_column type=&#8220;4_4&#8243; _builder_version=&#8220;4.20.0&#8243; _module_preset=&#8220;default&#8220; global_colors_info=&#8220;{}&#8220;][et_pb_text _builder_version=&#8220;4.27.2&#8243; _module_preset=&#8220;82bb1ff9-da0e-4c15-8f91-8e5c0f8aa5f5&#8243; header_font=&#8220;&#8211;et_global_heading_font|300||on|||||&#8220; header_text_color=&#8220;#FFFFFF&#8220; header_font_size=&#8220;60px&#8220; header_letter_spacing=&#8220;0em&#8220; header_line_height=&#8220;1.1em&#8220; header_3_font=&#8220;&#8211;et_global_heading_font||||||||&#8220; header_3_text_color=&#8220;#FFFFFF&#8220; header_3_font_size=&#8220;34px&#8220; text_orientation=&#8220;center&#8220; custom_padding=&#8220;230px||||false|false&#8220; global_colors_info=&#8220;{}&#8220;]<\/p>\n<h3><strong>SCHULUNGEN<\/strong><\/h3>\n<p>[\/et_pb_text][\/et_pb_column][\/et_pb_row][\/et_pb_section][et_pb_section fb_built=&#8220;1&#8243; admin_label=&#8220;About Us&#8220; _builder_version=&#8220;4.16&#8243; global_colors_info=&#8220;{}&#8220;][et_pb_row _builder_version=&#8220;4.27.2&#8243; _module_preset=&#8220;default&#8220; custom_padding=&#8220;|||0px||&#8220; global_colors_info=&#8220;{}&#8220;][et_pb_column type=&#8220;4_4&#8243; _builder_version=&#8220;4.27.2&#8243; _module_preset=&#8220;default&#8220; global_colors_info=&#8220;{}&#8220;][et_pb_text _builder_version=&#8220;4.27.3&#8243; _module_preset=&#8220;default&#8220; text_font=&#8220;&#8211;et_global_body_font|300|||||||&#8220; header_4_font=&#8220;&#8211;et_global_heading_font|300|||||||&#8220; hover_enabled=&#8220;0&#8243; global_colors_info=&#8220;{}&#8220; sticky_enabled=&#8220;0&#8243;]<\/p>\n<p>Die Basis f\u00fcr eine effiziente Produktion ist ein gut geschultes Personal. Unsere erfahrenen Instruktoren erstellen Trainings, die auf Ihre Bed\u00fcrfnisse ausgerichtet sind &#8211; auf Wunsch vor Ort (On-Side) oder in unserem Trainingscenter (In-House). Unser Angebot richtet sich auch an Service Techniker, die Ihr Wissen um weitere Maschinentypen erweitern wollen.<\/p>\n<p>Die Schulungen k\u00f6nnen f\u00fcr Einzelpersonen als auch f\u00fcr Gruppen mit max. 6 Teilnehmenden ausgerichtet werden.<\/p>\n<p>&nbsp;<\/p>\n<p><strong>On-Side<\/strong><br \/>Der Hauptvorteil bei einer Schulung vor Ort ist die praxisnahe Umsetzung an Ihrer Anlage unter realen Bedingungen.<\/p>\n<p>&nbsp;<\/p>\n<p><strong>In-House<\/strong><br \/>Unser vollausgestattetes Trainingscenter mit unterschiedlichen Anlagen aus einer Auswahl von marktbestimmenden Brands steht Ihrem Team zur Verf\u00fcgung. Hier k\u00f6nnen die Teilnehmenden Ihr Wissen erweitern und die Vor- und Nachteile unterschiedlicher Techniken vergleichen.<\/p>\n<p>&nbsp;<\/p>\n<p><strong>Unsere Programme:\u00a0<\/strong><\/p>\n<p>&#8211; Inspektionen<br \/>&#8211; Inbetriebnahmen<br \/>&#8211; Falzeinstellungen<br \/>&#8211; Revision Level 1<br \/>&#8211; Revision Level 2<\/p>\n<p>[\/et_pb_text][\/et_pb_column][\/et_pb_row][\/et_pb_section][et_pb_section fb_built=&#8220;1&#8243; _builder_version=&#8220;4.27.0&#8243; _module_preset=&#8220;default&#8220; border_width_top=&#8220;5px&#8220; border_color_top=&#8220;#E09900&#8243; locked=&#8220;off&#8220; global_colors_info=&#8220;{}&#8220;][et_pb_row column_structure=&#8220;1_4,1_4,1_4,1_4&#8243; _builder_version=&#8220;4.27.0&#8243; _module_preset=&#8220;default&#8220; global_colors_info=&#8220;{}&#8220;][et_pb_column type=&#8220;1_4&#8243; _builder_version=&#8220;4.27.0&#8243; _module_preset=&#8220;default&#8220; global_colors_info=&#8220;{}&#8220;][et_pb_heading title=&#8220;Kontakt&#8220; _builder_version=&#8220;4.27.0&#8243; _module_preset=&#8220;default&#8220; global_colors_info=&#8220;{}&#8220;][\/et_pb_heading][et_pb_text _builder_version=&#8220;4.27.3&#8243; _module_preset=&#8220;default&#8220; global_colors_info=&#8220;{}&#8220;]<\/p>\n<p>info@lconsulting.ch<\/p>\n<p>[\/et_pb_text][\/et_pb_column][et_pb_column type=&#8220;1_4&#8243; _builder_version=&#8220;4.27.0&#8243; _module_preset=&#8220;default&#8220; global_colors_info=&#8220;{}&#8220;][et_pb_heading title=&#8220;Adresse&#8220; _builder_version=&#8220;4.27.0&#8243; _module_preset=&#8220;default&#8220; global_colors_info=&#8220;{}&#8220;][\/et_pb_heading][et_pb_text _builder_version=&#8220;4.27.3&#8243; _module_preset=&#8220;default&#8220; global_colors_info=&#8220;{}&#8220;]<\/p>\n<p>Baarerstrasse 108,<br \/><span>CH-6300 Zug<\/span><\/p>\n<p>[\/et_pb_text][\/et_pb_column][et_pb_column type=&#8220;1_4&#8243; _builder_version=&#8220;4.27.0&#8243; _module_preset=&#8220;default&#8220; global_colors_info=&#8220;{}&#8220;][et_pb_heading title=&#8220;Services&#8220; _builder_version=&#8220;4.27.0&#8243; _module_preset=&#8220;default&#8220; global_colors_info=&#8220;{}&#8220;][\/et_pb_heading][et_pb_text _builder_version=&#8220;4.27.0&#8243; _module_preset=&#8220;default&#8220; text_font=&#8220;&#8211;et_global_body_font||||||||&#8220; global_colors_info=&#8220;{}&#8220;]<\/p>\n<p><a href=\"https:\/\/lconsulting.ch\/datenschutz\/\">Datenschutz<\/a><br \/><a href=\"https:\/\/lconsulting.ch\/impressum\/\">Impressum<\/a><\/p>\n<p>[\/et_pb_text][\/et_pb_column][et_pb_column type=&#8220;1_4&#8243; _builder_version=&#8220;4.27.0&#8243; _module_preset=&#8220;default&#8220; global_colors_info=&#8220;{}&#8220;][et_pb_image src=&#8220;https:\/\/lconsulting.ch\/wp-content\/uploads\/2024\/09\/co2-neutral-website-logo.png&#8220; title_text=&#8220;co2-neutral-website-logo&#8220; align=&#8220;center&#8220; _builder_version=&#8220;4.27.0&#8243; _module_preset=&#8220;default&#8220; height=&#8220;100px&#8220; global_colors_info=&#8220;{}&#8220;][\/et_pb_image][\/et_pb_column][\/et_pb_row][\/et_pb_section]<\/p>\n","protected":false},"excerpt":{"rendered":"<p>SCHULUNGENDie Basis f\u00fcr eine effiziente Produktion ist ein gut geschultes Personal. Unsere erfahrenen Instruktoren erstellen Trainings, die auf Ihre Bed\u00fcrfnisse ausgerichtet sind &#8211; auf Wunsch vor Ort (On-Side) oder in unserem Trainingscenter (In-House). Unser Angebot richtet sich auch an Service Techniker, die Ihr Wissen um weitere Maschinentypen erweitern wollen. Die Schulungen k\u00f6nnen f\u00fcr Einzelpersonen als [&hellip;]<\/p>\n","protected":false},"author":1,"featured_media":0,"parent":0,"menu_order":0,"comment_status":"closed","ping_status":"closed","template":"","meta":{"_et_pb_use_builder":"on","_et_pb_old_content":"","_et_gb_content_width":"","footnotes":""},"class_list":["post-941","page","type-page","status-publish","hentry"],"_links":{"self":[{"href":"https:\/\/lconsulting.ch\/en\/wp-json\/wp\/v2\/pages\/941","targetHints":{"allow":["GET"]}}],"collection":[{"href":"https:\/\/lconsulting.ch\/en\/wp-json\/wp\/v2\/pages"}],"about":[{"href":"https:\/\/lconsulting.ch\/en\/wp-json\/wp\/v2\/types\/page"}],"author":[{"embeddable":true,"href":"https:\/\/lconsulting.ch\/en\/wp-json\/wp\/v2\/users\/1"}],"replies":[{"embeddable":true,"href":"https:\/\/lconsulting.ch\/en\/wp-json\/wp\/v2\/comments?post=941"}],"version-history":[{"count":9,"href":"https:\/\/lconsulting.ch\/en\/wp-json\/wp\/v2\/pages\/941\/revisions"}],"predecessor-version":[{"id":1367,"href":"https:\/\/lconsulting.ch\/en\/wp-json\/wp\/v2\/pages\/941\/revisions\/1367"}],"wp:attachment":[{"href":"https:\/\/lconsulting.ch\/en\/wp-json\/wp\/v2\/media?parent=941"}],"curies":[{"name":"wp","href":"https:\/\/api.w.org\/{rel}","templated":true}]}}