{"id":925,"date":"2024-11-12T10:36:49","date_gmt":"2024-11-12T10:36:49","guid":{"rendered":"https:\/\/lconsulting.ch\/?page_id=925"},"modified":"2024-11-24T19:44:30","modified_gmt":"2024-11-24T19:44:30","slug":"quick-change","status":"publish","type":"page","link":"https:\/\/lconsulting.ch\/en\/quick-change\/","title":{"rendered":"Quick Change"},"content":{"rendered":"<p>[et_pb_section fb_built=&#8220;1&#8243; admin_label=&#8220;Header&#8220; _builder_version=&#8220;4.27.2&#8243; _module_preset=&#8220;default&#8220; use_background_color_gradient=&#8220;on&#8220; background_color_gradient_stops=&#8220;rgba(0,0,0,0.5) 0%|rgba(0,0,0,0.5) 100%&#8220; background_color_gradient_overlays_image=&#8220;on&#8220; background_image=&#8220;https:\/\/lconsulting.ch\/wp-content\/uploads\/2024\/11\/Imeta_Attrezzatura-completa-Cevolani.jpg&#8220; background_enable_video_mp4=&#8220;off&#8220; width=&#8220;100%&#8220; max_width=&#8220;100%&#8220; min_height=&#8220;716px&#8220; height=&#8220;425px&#8220; max_height=&#8220;647px&#8220; custom_padding=&#8220;2vw||2vw||true|false&#8220; locked=&#8220;off&#8220; collapsed=&#8220;on&#8220; global_colors_info=&#8220;{}&#8220;][et_pb_row _builder_version=&#8220;4.20.0&#8243; _module_preset=&#8220;default&#8220; global_colors_info=&#8220;{}&#8220;][et_pb_column type=&#8220;4_4&#8243; _builder_version=&#8220;4.20.0&#8243; _module_preset=&#8220;default&#8220; global_colors_info=&#8220;{}&#8220;][et_pb_text _builder_version=&#8220;4.27.2&#8243; _module_preset=&#8220;82bb1ff9-da0e-4c15-8f91-8e5c0f8aa5f5&#8243; header_font=&#8220;&#8211;et_global_heading_font|300||on|||||&#8220; header_text_color=&#8220;#FFFFFF&#8220; header_font_size=&#8220;60px&#8220; header_letter_spacing=&#8220;0em&#8220; header_line_height=&#8220;1.1em&#8220; header_3_font=&#8220;&#8211;et_global_heading_font||||||||&#8220; header_3_text_color=&#8220;#FFFFFF&#8220; header_3_font_size=&#8220;34px&#8220; text_orientation=&#8220;center&#8220; custom_padding=&#8220;230px||||false|false&#8220; global_colors_info=&#8220;{}&#8220;]<\/p>\n<h3><strong>QUICK CHANGE<\/strong><\/h3>\n<p>[\/et_pb_text][\/et_pb_column][\/et_pb_row][\/et_pb_section][et_pb_section fb_built=&#8220;1&#8243; admin_label=&#8220;About Us&#8220; _builder_version=&#8220;4.16&#8243; global_colors_info=&#8220;{}&#8220;][et_pb_row _builder_version=&#8220;4.27.2&#8243; _module_preset=&#8220;default&#8220; custom_padding=&#8220;|||0px||&#8220; global_colors_info=&#8220;{}&#8220;][et_pb_column type=&#8220;4_4&#8243; _builder_version=&#8220;4.27.2&#8243; _module_preset=&#8220;default&#8220; global_colors_info=&#8220;{}&#8220;][et_pb_text _builder_version=&#8220;4.27.3&#8243; _module_preset=&#8220;default&#8220; text_font=&#8220;&#8211;et_global_body_font|300|||||||&#8220; header_4_font=&#8220;&#8211;et_global_heading_font|300|||||||&#8220; global_colors_info=&#8220;{}&#8220;]<\/p>\n<p>Reduzieren Sie Ausfallzeiten w\u00e4hrend einer \u00dcberholung mit einem <strong>QUICK CHANGE-<\/strong>Set. Quick Change steht f\u00fcr den Austausch kompletter und vormontierter Baugruppen. Es wird ein zus\u00e4tzlicher Satz austauschbarem Hubstation oder einem kompletten Oberteil bereitgestellt.<\/p>\n<p>Vorteil einer Quick Change ist die deutliche Verk\u00fcrzung des Produktionsstillstands w\u00e4hrend der Revision.<\/p>\n<ul><\/ul>\n<p>[\/et_pb_text][\/et_pb_column][\/et_pb_row][et_pb_row _builder_version=&#8220;4.27.2&#8243; _module_preset=&#8220;default&#8220; global_colors_info=&#8220;{}&#8220;][et_pb_column type=&#8220;4_4&#8243; _builder_version=&#8220;4.27.2&#8243; _module_preset=&#8220;default&#8220; global_colors_info=&#8220;{}&#8220;][et_pb_image src=&#8220;https:\/\/lconsulting.ch\/wp-content\/uploads\/2024\/11\/halat.jpg&#8220; title_text=&#8220;halat&#8220; _builder_version=&#8220;4.27.2&#8243; _module_preset=&#8220;default&#8220; global_colors_info=&#8220;{}&#8220;][\/et_pb_image][\/et_pb_column][\/et_pb_row][\/et_pb_section][et_pb_section fb_built=&#8220;1&#8243; _builder_version=&#8220;4.27.3&#8243; _module_preset=&#8220;default&#8220; global_colors_info=&#8220;{}&#8220;][et_pb_row column_structure=&#8220;3_5,2_5&#8243; _builder_version=&#8220;4.27.3&#8243; _module_preset=&#8220;default&#8220; global_colors_info=&#8220;{}&#8220;][et_pb_column type=&#8220;3_5&#8243; _builder_version=&#8220;4.27.3&#8243; _module_preset=&#8220;default&#8220; global_colors_info=&#8220;{}&#8220;][et_pb_button button_url=&#8220;https:\/\/lconsulting.ch\/kontakt\/&#8220; button_text=&#8220;Angebot anfordern&#8220; _builder_version=&#8220;4.27.3&#8243; _module_preset=&#8220;default&#8220; hover_enabled=&#8220;0&#8243; global_colors_info=&#8220;{}&#8220; custom_button=&#8220;on&#8220; button_bg_color=&#8220;#e09900&#8243; button_bg_enable_color=&#8220;on&#8220; button_text_color=&#8220;#FFFFFF&#8220; button_text_size=&#8220;16px&#8220; sticky_enabled=&#8220;0&#8243;][\/et_pb_button][\/et_pb_column][et_pb_column type=&#8220;2_5&#8243; _builder_version=&#8220;4.27.3&#8243; _module_preset=&#8220;default&#8220; global_colors_info=&#8220;{}&#8220;][\/et_pb_column][\/et_pb_row][\/et_pb_section][et_pb_section fb_built=&#8220;1&#8243; _builder_version=&#8220;4.27.0&#8243; _module_preset=&#8220;default&#8220; border_width_top=&#8220;5px&#8220; border_color_top=&#8220;#E09900&#8243; locked=&#8220;off&#8220; global_colors_info=&#8220;{}&#8220;][et_pb_row column_structure=&#8220;1_4,1_4,1_4,1_4&#8243; _builder_version=&#8220;4.27.0&#8243; _module_preset=&#8220;default&#8220; global_colors_info=&#8220;{}&#8220;][et_pb_column type=&#8220;1_4&#8243; _builder_version=&#8220;4.27.0&#8243; _module_preset=&#8220;default&#8220; global_colors_info=&#8220;{}&#8220;][et_pb_heading title=&#8220;Kontakt&#8220; _builder_version=&#8220;4.27.0&#8243; _module_preset=&#8220;default&#8220; global_colors_info=&#8220;{}&#8220;][\/et_pb_heading][et_pb_text _builder_version=&#8220;4.27.3&#8243; _module_preset=&#8220;default&#8220; global_colors_info=&#8220;{}&#8220;]<\/p>\n<p>info@lconsulting.ch<\/p>\n<p>[\/et_pb_text][\/et_pb_column][et_pb_column type=&#8220;1_4&#8243; _builder_version=&#8220;4.27.0&#8243; _module_preset=&#8220;default&#8220; global_colors_info=&#8220;{}&#8220;][et_pb_heading title=&#8220;Adresse&#8220; _builder_version=&#8220;4.27.0&#8243; _module_preset=&#8220;default&#8220; global_colors_info=&#8220;{}&#8220;][\/et_pb_heading][et_pb_text _builder_version=&#8220;4.27.3&#8243; _module_preset=&#8220;default&#8220; global_colors_info=&#8220;{}&#8220;]<\/p>\n<p>Baarerstrasse 108,<br \/>CH-6300 Zug<\/p>\n<p>[\/et_pb_text][\/et_pb_column][et_pb_column type=&#8220;1_4&#8243; _builder_version=&#8220;4.27.0&#8243; _module_preset=&#8220;default&#8220; global_colors_info=&#8220;{}&#8220;][et_pb_heading title=&#8220;Services&#8220; _builder_version=&#8220;4.27.0&#8243; _module_preset=&#8220;default&#8220; global_colors_info=&#8220;{}&#8220;][\/et_pb_heading][et_pb_text _builder_version=&#8220;4.27.0&#8243; _module_preset=&#8220;default&#8220; text_font=&#8220;&#8211;et_global_body_font||||||||&#8220; global_colors_info=&#8220;{}&#8220;]<\/p>\n<p><a href=\"https:\/\/lconsulting.ch\/datenschutz\/\">Datenschutz<\/a><br \/><a href=\"https:\/\/lconsulting.ch\/impressum\/\">Impressum<\/a><\/p>\n<p>[\/et_pb_text][\/et_pb_column][et_pb_column type=&#8220;1_4&#8243; _builder_version=&#8220;4.27.0&#8243; _module_preset=&#8220;default&#8220; global_colors_info=&#8220;{}&#8220;][et_pb_image src=&#8220;https:\/\/lconsulting.ch\/wp-content\/uploads\/2024\/09\/co2-neutral-website-logo.png&#8220; title_text=&#8220;co2-neutral-website-logo&#8220; align=&#8220;center&#8220; _builder_version=&#8220;4.27.0&#8243; _module_preset=&#8220;default&#8220; height=&#8220;100px&#8220; global_colors_info=&#8220;{}&#8220;][\/et_pb_image][\/et_pb_column][\/et_pb_row][\/et_pb_section]<\/p>\n","protected":false},"excerpt":{"rendered":"<p>QUICK CHANGEReduzieren Sie Ausfallzeiten w\u00e4hrend einer \u00dcberholung mit einem QUICK CHANGE-Set. Quick Change steht f\u00fcr den Austausch kompletter und vormontierter Baugruppen. Es wird ein zus\u00e4tzlicher Satz austauschbarem Hubstation oder einem kompletten Oberteil bereitgestellt. Vorteil einer Quick Change ist die deutliche Verk\u00fcrzung des Produktionsstillstands w\u00e4hrend der Revision. info@lconsulting.chBaarerstrasse 108,CH-6300 ZugDatenschutzImpressum<\/p>","protected":false},"author":1,"featured_media":0,"parent":0,"menu_order":0,"comment_status":"closed","ping_status":"closed","template":"","meta":{"_et_pb_use_builder":"on","_et_pb_old_content":"","_et_gb_content_width":"","footnotes":""},"class_list":["post-925","page","type-page","status-publish","hentry"],"_links":{"self":[{"href":"https:\/\/lconsulting.ch\/en\/wp-json\/wp\/v2\/pages\/925","targetHints":{"allow":["GET"]}}],"collection":[{"href":"https:\/\/lconsulting.ch\/en\/wp-json\/wp\/v2\/pages"}],"about":[{"href":"https:\/\/lconsulting.ch\/en\/wp-json\/wp\/v2\/types\/page"}],"author":[{"embeddable":true,"href":"https:\/\/lconsulting.ch\/en\/wp-json\/wp\/v2\/users\/1"}],"replies":[{"embeddable":true,"href":"https:\/\/lconsulting.ch\/en\/wp-json\/wp\/v2\/comments?post=925"}],"version-history":[{"count":16,"href":"https:\/\/lconsulting.ch\/en\/wp-json\/wp\/v2\/pages\/925\/revisions"}],"predecessor-version":[{"id":1384,"href":"https:\/\/lconsulting.ch\/en\/wp-json\/wp\/v2\/pages\/925\/revisions\/1384"}],"wp:attachment":[{"href":"https:\/\/lconsulting.ch\/en\/wp-json\/wp\/v2\/media?parent=925"}],"curies":[{"name":"wp","href":"https:\/\/api.w.org\/{rel}","templated":true}]}}