{"id":733,"date":"2024-09-16T07:26:55","date_gmt":"2024-09-16T07:26:55","guid":{"rendered":"https:\/\/lconsulting.ch\/?page_id=733"},"modified":"2024-11-23T19:27:49","modified_gmt":"2024-11-23T19:27:49","slug":"projekte","status":"publish","type":"page","link":"https:\/\/lconsulting.ch\/en\/projekte\/","title":{"rendered":"Projekte"},"content":{"rendered":"<p>[et_pb_section fb_built=&#8220;1&#8243; admin_label=&#8220;Header&#8220; _builder_version=&#8220;4.27.0&#8243; _module_preset=&#8220;default&#8220; use_background_color_gradient=&#8220;on&#8220; background_color_gradient_stops=&#8220;rgba(0,0,0,0.5) 0%|rgba(0,0,0,0.5) 100%&#8220; background_color_gradient_overlays_image=&#8220;on&#8220; background_image=&#8220;https:\/\/lconsulting.ch\/wp-content\/uploads\/2024\/08\/Imeta_Aggraffatrice-Angelus-59P_n.jpg&#8220; background_enable_video_mp4=&#8220;off&#8220; width=&#8220;100%&#8220; max_width=&#8220;100%&#8220; min_height=&#8220;716px&#8220; height=&#8220;425px&#8220; max_height=&#8220;647px&#8220; custom_padding=&#8220;2vw||2vw||true|false&#8220; locked=&#8220;off&#8220; collapsed=&#8220;on&#8220; global_colors_info=&#8220;{}&#8220;][et_pb_row _builder_version=&#8220;4.20.0&#8243; _module_preset=&#8220;default&#8220; global_colors_info=&#8220;{}&#8220;][et_pb_column type=&#8220;4_4&#8243; _builder_version=&#8220;4.20.0&#8243; _module_preset=&#8220;default&#8220; global_colors_info=&#8220;{}&#8220;][et_pb_text _builder_version=&#8220;4.27.3&#8243; _module_preset=&#8220;82bb1ff9-da0e-4c15-8f91-8e5c0f8aa5f5&#8243; header_font=&#8220;&#8211;et_global_heading_font|300||on|||||&#8220; header_text_color=&#8220;#FFFFFF&#8220; header_font_size=&#8220;60px&#8220; header_letter_spacing=&#8220;0em&#8220; header_line_height=&#8220;1.1em&#8220; header_3_font=&#8220;&#8211;et_global_heading_font||||||||&#8220; header_3_text_color=&#8220;#FFFFFF&#8220; header_3_font_size=&#8220;40px&#8220; text_orientation=&#8220;center&#8220; custom_padding=&#8220;230px||||false|false&#8220; global_colors_info=&#8220;{}&#8220;]<\/p>\n<h3><strong>SUCCESS STORIES<\/strong><\/h3>\n<p>[\/et_pb_text][\/et_pb_column][\/et_pb_row][\/et_pb_section][et_pb_section fb_built=&#8220;1&#8243; admin_label=&#8220;About Us&#8220; _builder_version=&#8220;4.16&#8243; global_colors_info=&#8220;{}&#8220;][et_pb_row _builder_version=&#8220;4.27.0&#8243; _module_preset=&#8220;default&#8220; global_colors_info=&#8220;{}&#8220;][et_pb_column type=&#8220;4_4&#8243; _builder_version=&#8220;4.27.0&#8243; _module_preset=&#8220;default&#8220; global_colors_info=&#8220;{}&#8220;][et_pb_text _builder_version=&#8220;4.27.3&#8243; _module_preset=&#8220;default&#8220; text_font=&#8220;&#8211;et_global_body_font|300|||||||&#8220; text_text_color=&#8220;#000000&#8243; header_text_color=&#8220;#000000&#8243; header_3_text_color=&#8220;#E09900&#8243; header_4_font=&#8220;&#8211;et_global_heading_font|300|||||||&#8220; background_color=&#8220;RGBA(255,255,255,0)&#8220; custom_padding=&#8220;||0px|||&#8220; global_colors_info=&#8220;{}&#8220;]<\/p>\n<h3>#successstoryone: Dosenverschliesser Start-Up<\/h3>\n<p>Ein Schweizer Start-up aus der Craft-Branche wandte sich an uns, um Unterst\u00fctzung bei der Entwicklung ihres Dosenverschliessers zu erhalten.<\/p>\n<p>Besonders bei den Falzstationen, dem Herzst\u00fcck der Anlage, war unsere Expertise gefragt.<\/p>\n<p>Dank jahrelangen Erfahrung im Bereich der Falztechnik waren wir in der Lage, unseren Kunden sowohl eine innovative Konstruktionsl\u00f6sung als auch eigens daf\u00fcr gefertigte Werkzeuge zu liefern.<\/p>\n<p>&nbsp;<\/p>\n<p>[\/et_pb_text][et_pb_text _builder_version=&#8220;4.27.3&#8243; _module_preset=&#8220;default&#8220; text_font=&#8220;&#8211;et_global_body_font|300|||||||&#8220; text_text_color=&#8220;#000000&#8243; header_text_color=&#8220;#000000&#8243; header_3_text_color=&#8220;#E09900&#8243; header_4_font=&#8220;&#8211;et_global_heading_font|300|||||||&#8220; background_color=&#8220;RGBA(255,255,255,0)&#8220; global_colors_info=&#8220;{}&#8220;]<\/p>\n<h3>#successstorytwo: Schutz der Falzrollen<\/h3>\n<p>Ein Kunde stand vor der Herausforderung, die Falzrollenelemente vor aggressiven Reinigungsmitteln sowie dem stark zuckerhaltigen Produkt zu sch\u00fctzen, das er abf\u00fcllte.<\/p>\n<p>Wir haben eine massgeschneiderte Falzrolle entwickelt, die den \u00e4usseren Einfl\u00fcssen standh\u00e4lt, mit einem effektiven Schutz der Kugellager und Dichtungen.<\/p>\n<p>Somit kann der Kunde die Rollen bis zum Verschleiss des Profils einsetzen, ohne die Kugellager oder Dichtungen austauschen zu m\u00fcssen.<\/p>\n<p>&nbsp;<\/p>\n<p>[\/et_pb_text][et_pb_text _builder_version=&#8220;4.27.3&#8243; _module_preset=&#8220;default&#8220; text_font=&#8220;&#8211;et_global_body_font|300|||||||&#8220; text_text_color=&#8220;#000000&#8243; header_text_color=&#8220;#000000&#8243; header_3_text_color=&#8220;#E09900&#8243; header_4_font=&#8220;&#8211;et_global_heading_font|300|||||||&#8220; background_color=&#8220;RGBA(255,255,255,0)&#8220; global_colors_info=&#8220;{}&#8220;]<\/p>\n<h3>#successstorythree:\u00a0Rostfreie Baugruppen<\/h3>\n<p>Ein Sauerkrautabf\u00fcller wandte sich an uns, weil die komplette Deckelabstappelung aufgrund des Produkts Rost entwickelte, ein bekanntes Problem in der Lebensmittelindustrie.<\/p>\n<p>Der Rostbefall f\u00fchrte vermehrt zu Produktionsausf\u00e4llen, da die Lager und Dichtungen besch\u00e4digt wurden.<\/p>\n<p>Wir entwickelten die betroffenen Baugruppen aus rostfreiem Stahl und konzipierten dar\u00fcber hinaus Schutzvorrichtungen, einschliesslich eines Schutzschildes, um die betroffenen Stellen vor Produkt- und Wassersch\u00e4den zu bewahren.<\/p>\n<p>&nbsp;<\/p>\n<p>[\/et_pb_text][et_pb_text _builder_version=&#8220;4.27.3&#8243; _module_preset=&#8220;default&#8220; text_font=&#8220;&#8211;et_global_body_font|300|||||||&#8220; text_text_color=&#8220;#000000&#8243; header_text_color=&#8220;#000000&#8243; header_3_text_color=&#8220;#E09900&#8243; header_4_font=&#8220;&#8211;et_global_heading_font|300|||||||&#8220; background_color=&#8220;RGBA(255,255,255,0)&#8220; global_colors_info=&#8220;{}&#8220;]<\/p>\n<h3>#successstoryfour: Can Maker Line<\/h3>\n<p>Ein renommierter Maschinenhersteller f\u00fcr die Produktion von zweiteiligen Dosen stand vor der anspruchsvollen Aufgabe, seine bestehende Produktionslinie mit einem neuen Dosenverschliesser zu komplettieren.<\/p>\n<p>Obwohl er bereits grosse Fortschritte bei der Konstruktion gemacht hatte, stiess er bei der Deckelabstapelung und den komplexen Falzstationen auf erhebliche H\u00fcrden.<\/p>\n<p>Gemeinsam entwickelten und fertigten wir die erforderlichen Baugruppen, die entscheidend f\u00fcr eine nahtlose Linie sind.<\/p>\n<p>Der Hersteller ist nun in der Lage, komplette Produktionslinien f\u00fcr zweiteilige Dosen erfolgreich zu vertreiben.<\/p>\n<p>&nbsp;<\/p>\n<p>[\/et_pb_text][et_pb_text _builder_version=&#8220;4.27.3&#8243; _module_preset=&#8220;default&#8220; text_font=&#8220;&#8211;et_global_body_font|300|||||||&#8220; text_text_color=&#8220;#000000&#8243; header_text_color=&#8220;#000000&#8243; header_3_text_color=&#8220;#E09900&#8243; header_4_font=&#8220;&#8211;et_global_heading_font|300|||||||&#8220; background_color=&#8220;RGBA(255,255,255,0)&#8220; hover_enabled=&#8220;0&#8243; global_colors_info=&#8220;{}&#8220; sticky_enabled=&#8220;0&#8243;]<\/p>\n<h3>#successstoryfive:\u00a0Optimierung des Ersatzteilpakets<\/h3>\n<p>Ein Kunde aus der Bier- und Softgetr\u00e4nkeabf\u00fcllung berichtete von hohen After-Sales-Kosten f\u00fcr seinen High-Speed-Dosenverschliesser. Die j\u00e4hrlich empfohlenen Revisionen durch den OEM \u00fcberschritten die Budgetvorgaben f\u00fcr Wartungen deutlich.\u00a0<\/p>\n<p>Der Wartungsmanager stellte fest, dass bei den Revisionen oft nahezu neue Ersatzteile wie Deckel und Dosenf\u00fchrungen ausgetauscht wurden, die in der Beschaffung kostspielig sind.<\/p>\n<p>Durch unsere langj\u00e4hrige Erfahrung in der After-Sales-Revision konnten wir die Wartungszyklen f\u00fcr die Anlagen unserer Kunden optimieren. Wir orientierten uns dabei nicht an den allgemeinen Revisionsvorgaben der OEM, sondern ber\u00fccksichtigten spezifische Faktoren wie den Umfang der letzten Revision und die Produktionsstunden seither.<\/p>\n<p>Dank eines effizienteren Revisionsumfangs und der g\u00fcnstigeren Beschaffung der Ersatzteile konnte unser Kunde Einsparungen von bis zu 40% erzielen.<\/p>\n<p>[\/et_pb_text][\/et_pb_column][\/et_pb_row][\/et_pb_section][et_pb_section fb_built=&#8220;1&#8243; _builder_version=&#8220;4.27.0&#8243; _module_preset=&#8220;default&#8220; border_width_top=&#8220;5px&#8220; border_color_top=&#8220;#E09900&#8243; locked=&#8220;off&#8220; global_colors_info=&#8220;{}&#8220;][et_pb_row column_structure=&#8220;1_4,1_4,1_4,1_4&#8243; _builder_version=&#8220;4.27.0&#8243; _module_preset=&#8220;default&#8220; global_colors_info=&#8220;{}&#8220;][et_pb_column type=&#8220;1_4&#8243; _builder_version=&#8220;4.27.0&#8243; _module_preset=&#8220;default&#8220; global_colors_info=&#8220;{}&#8220;][et_pb_heading title=&#8220;Kontakt&#8220; _builder_version=&#8220;4.27.0&#8243; _module_preset=&#8220;default&#8220; global_colors_info=&#8220;{}&#8220;][\/et_pb_heading][et_pb_text _builder_version=&#8220;4.27.3&#8243; _module_preset=&#8220;default&#8220; global_colors_info=&#8220;{}&#8220;]<\/p>\n<p>info@lconsulting.ch<\/p>\n<p>[\/et_pb_text][\/et_pb_column][et_pb_column type=&#8220;1_4&#8243; _builder_version=&#8220;4.27.0&#8243; _module_preset=&#8220;default&#8220; global_colors_info=&#8220;{}&#8220;][et_pb_heading title=&#8220;Adresse&#8220; _builder_version=&#8220;4.27.0&#8243; _module_preset=&#8220;default&#8220; global_colors_info=&#8220;{}&#8220;][\/et_pb_heading][et_pb_text _builder_version=&#8220;4.27.3&#8243; _module_preset=&#8220;default&#8220; global_colors_info=&#8220;{}&#8220;]<\/p>\n<p>Baarerstrasse 108,<br \/><span>CH-6300 Zug<\/span><\/p>\n<p>[\/et_pb_text][\/et_pb_column][et_pb_column type=&#8220;1_4&#8243; _builder_version=&#8220;4.27.0&#8243; _module_preset=&#8220;default&#8220; global_colors_info=&#8220;{}&#8220;][et_pb_heading title=&#8220;Services&#8220; _builder_version=&#8220;4.27.0&#8243; _module_preset=&#8220;default&#8220; global_colors_info=&#8220;{}&#8220;][\/et_pb_heading][et_pb_text _builder_version=&#8220;4.27.0&#8243; _module_preset=&#8220;default&#8220; text_font=&#8220;&#8211;et_global_body_font||||||||&#8220; global_colors_info=&#8220;{}&#8220;]<\/p>\n<p><a href=\"https:\/\/lconsulting.ch\/datenschutz\/\">Datenschutz<\/a><br \/><a href=\"https:\/\/lconsulting.ch\/impressum\/\">Impressum<\/a><\/p>\n<p>[\/et_pb_text][\/et_pb_column][et_pb_column type=&#8220;1_4&#8243; _builder_version=&#8220;4.27.0&#8243; _module_preset=&#8220;default&#8220; global_colors_info=&#8220;{}&#8220;][et_pb_image src=&#8220;https:\/\/lconsulting.ch\/wp-content\/uploads\/2024\/09\/co2-neutral-website-logo.png&#8220; title_text=&#8220;co2-neutral-website-logo&#8220; align=&#8220;center&#8220; _builder_version=&#8220;4.27.0&#8243; _module_preset=&#8220;default&#8220; height=&#8220;100px&#8220; global_colors_info=&#8220;{}&#8220;][\/et_pb_image][\/et_pb_column][\/et_pb_row][\/et_pb_section]<\/p>\n","protected":false},"excerpt":{"rendered":"<p>SUCCESS STORIES#successstoryone: Dosenverschliesser Start-Up Ein Schweizer Start-up aus der Craft-Branche wandte sich an uns, um Unterst\u00fctzung bei der Entwicklung ihres Dosenverschliessers zu erhalten. Besonders bei den Falzstationen, dem Herzst\u00fcck der Anlage, war unsere Expertise gefragt. Dank jahrelangen Erfahrung im Bereich der Falztechnik waren wir in der Lage, unseren Kunden sowohl eine innovative Konstruktionsl\u00f6sung als auch [&hellip;]<\/p>\n","protected":false},"author":1,"featured_media":0,"parent":0,"menu_order":0,"comment_status":"closed","ping_status":"closed","template":"","meta":{"_et_pb_use_builder":"on","_et_pb_old_content":"","_et_gb_content_width":"","footnotes":""},"class_list":["post-733","page","type-page","status-publish","hentry"],"_links":{"self":[{"href":"https:\/\/lconsulting.ch\/en\/wp-json\/wp\/v2\/pages\/733","targetHints":{"allow":["GET"]}}],"collection":[{"href":"https:\/\/lconsulting.ch\/en\/wp-json\/wp\/v2\/pages"}],"about":[{"href":"https:\/\/lconsulting.ch\/en\/wp-json\/wp\/v2\/types\/page"}],"author":[{"embeddable":true,"href":"https:\/\/lconsulting.ch\/en\/wp-json\/wp\/v2\/users\/1"}],"replies":[{"embeddable":true,"href":"https:\/\/lconsulting.ch\/en\/wp-json\/wp\/v2\/comments?post=733"}],"version-history":[{"count":24,"href":"https:\/\/lconsulting.ch\/en\/wp-json\/wp\/v2\/pages\/733\/revisions"}],"predecessor-version":[{"id":1374,"href":"https:\/\/lconsulting.ch\/en\/wp-json\/wp\/v2\/pages\/733\/revisions\/1374"}],"wp:attachment":[{"href":"https:\/\/lconsulting.ch\/en\/wp-json\/wp\/v2\/media?parent=733"}],"curies":[{"name":"wp","href":"https:\/\/api.w.org\/{rel}","templated":true}]}}