{"id":63,"date":"2024-01-24T22:10:32","date_gmt":"2024-01-24T22:10:32","guid":{"rendered":"https:\/\/lconsulting.ch\/?page_id=63"},"modified":"2024-11-23T18:40:02","modified_gmt":"2024-11-23T18:40:02","slug":"falzrollen","status":"publish","type":"page","link":"https:\/\/lconsulting.ch\/en\/falzrollen\/","title":{"rendered":"Falzrolle"},"content":{"rendered":"<p>[et_pb_section fb_built=&#8220;1&#8243; admin_label=&#8220;Header&#8220; _builder_version=&#8220;4.27.2&#8243; _module_preset=&#8220;default&#8220; use_background_color_gradient=&#8220;on&#8220; background_color_gradient_stops=&#8220;rgba(0,0,0,0.5) 0%|rgba(0,0,0,0.5) 100%&#8220; background_color_gradient_overlays_image=&#8220;on&#8220; background_image=&#8220;https:\/\/lconsulting.ch\/wp-content\/uploads\/2024\/05\/Montaggio-Easy-Rider-2.jpg&#8220; background_enable_video_mp4=&#8220;off&#8220; width=&#8220;100%&#8220; max_width=&#8220;100%&#8220; min_height=&#8220;716px&#8220; height=&#8220;425px&#8220; max_height=&#8220;647px&#8220; custom_padding=&#8220;2vw||2vw||true|false&#8220; locked=&#8220;off&#8220; collapsed=&#8220;on&#8220; global_colors_info=&#8220;{}&#8220;][et_pb_row _builder_version=&#8220;4.20.0&#8243; _module_preset=&#8220;default&#8220; global_colors_info=&#8220;{}&#8220;][et_pb_column type=&#8220;4_4&#8243; _builder_version=&#8220;4.20.0&#8243; _module_preset=&#8220;default&#8220; global_colors_info=&#8220;{}&#8220;][et_pb_text _builder_version=&#8220;4.27.2&#8243; _module_preset=&#8220;82bb1ff9-da0e-4c15-8f91-8e5c0f8aa5f5&#8243; header_font=&#8220;&#8211;et_global_heading_font|300||on|||||&#8220; header_text_color=&#8220;#FFFFFF&#8220; header_font_size=&#8220;60px&#8220; header_letter_spacing=&#8220;0em&#8220; header_line_height=&#8220;1.1em&#8220; header_3_font=&#8220;&#8211;et_global_heading_font||||||||&#8220; header_3_text_color=&#8220;#FFFFFF&#8220; header_3_font_size=&#8220;34px&#8220; text_orientation=&#8220;center&#8220; custom_padding=&#8220;230px||||false|false&#8220; global_colors_info=&#8220;{}&#8220;]<\/p>\n<h3><\/h3>\n<h3><\/h3>\n<h3><\/h3>\n<h3><\/h3>\n<h3><\/h3>\n<h3><\/h3>\n<h3><strong>FALZROLLEN<\/strong><\/h3>\n<p>[\/et_pb_text][\/et_pb_column][\/et_pb_row][\/et_pb_section][et_pb_section fb_built=&#8220;1&#8243; admin_label=&#8220;Project Details&#8220; _builder_version=&#8220;4.16&#8243; custom_padding=&#8220;90px||90px||true&#8220; locked=&#8220;off&#8220; global_colors_info=&#8220;{}&#8220;][et_pb_row column_structure=&#8220;1_2,1_2&#8243; _builder_version=&#8220;4.16&#8243; global_colors_info=&#8220;{}&#8220;][et_pb_column type=&#8220;1_2&#8243; _builder_version=&#8220;4.16&#8243; custom_padding=&#8220;|||&#8220; global_colors_info=&#8220;{}&#8220; custom_padding__hover=&#8220;|||&#8220;][et_pb_text _builder_version=&#8220;4.27.3&#8243; text_font=&#8220;||||||||&#8220; text_font_size=&#8220;15px&#8220; text_line_height=&#8220;1.8em&#8220; custom_padding=&#8220;|||&#8220; custom_padding_tablet=&#8220;|40px||40px||true&#8220; custom_padding_last_edited=&#8220;off|desktop&#8220; locked=&#8220;off&#8220; global_colors_info=&#8220;{}&#8220;]<\/p>\n<p>Wir bieten Falzrollen f\u00fcr diverse Dosen- und Deckelformate an, sowohl f\u00fcr Lebensmittelprodukte als auch f\u00fcr die Getr\u00e4nkebranche.<\/p>\n<p>Von rostfreiem Stahl bis zum Stoody Metal, AISI 440, AISI D2 in Kombination mit Beschichtungen wie TiN, TiCN, Alo3 oder Diamant sowie mehr als 3000 verschiedenen Profilen und einer umfassender Materialanalyse unterst\u00fctzen wir unsere Kunden bei der optimalen L\u00f6sungsfindung.<\/p>\n<p>[\/et_pb_text][\/et_pb_column][et_pb_column type=&#8220;1_2&#8243; _builder_version=&#8220;4.16&#8243; custom_padding=&#8220;|||&#8220; global_colors_info=&#8220;{}&#8220; custom_padding__hover=&#8220;|||&#8220;][et_pb_image src=&#8220;https:\/\/lconsulting.ch\/wp-content\/uploads\/2024\/02\/unnamed-2.png&#8220; title_text=&#8220;unnamed (2)&#8220; force_fullwidth=&#8220;on&#8220; align_tablet=&#8220;center&#8220; align_phone=&#8220;center&#8220; align_last_edited=&#8220;on|desktop&#8220; _builder_version=&#8220;4.27.3&#8243; locked=&#8220;off&#8220; global_colors_info=&#8220;{}&#8220;][\/et_pb_image][\/et_pb_column][\/et_pb_row][\/et_pb_section][et_pb_section fb_built=&#8220;1&#8243; admin_label=&#8220;FAQ&#8220; _builder_version=&#8220;4.16&#8243; background_color=&#8220;#f7f7f7&#8243; global_colors_info=&#8220;{}&#8220;][et_pb_row _builder_version=&#8220;4.27.3&#8243; global_colors_info=&#8220;{}&#8220;][et_pb_column type=&#8220;4_4&#8243; _builder_version=&#8220;4.16&#8243; custom_padding=&#8220;|||&#8220; global_colors_info=&#8220;{}&#8220; custom_padding__hover=&#8220;|||&#8220;][et_pb_accordion closed_toggle_text_color=&#8220;#2a2a2a&#8220; closed_toggle_background_color=&#8220;#ffffff&#8220; icon_color=&#8220;#ffb400&#8243; _builder_version=&#8220;4.27.3&#8243; toggle_font=&#8220;Rubik|700|||||||&#8220; toggle_font_size=&#8220;18px&#8220; toggle_line_height=&#8220;1.4em&#8220; body_font=&#8220;||||||||&#8220; body_font_size=&#8220;15px&#8220; body_line_height=&#8220;1.8em&#8220; custom_margin=&#8220;|||&#8220; custom_padding=&#8220;|||&#8220; border_width_all=&#8220;0px&#8220; global_colors_info=&#8220;{}&#8220;][et_pb_accordion_item title=&#8220;STAHL AISI D2&#8243; open=&#8220;off&#8220; _builder_version=&#8220;4.27.3&#8243; custom_margin=&#8220;1px||1px||true&#8220; global_colors_info=&#8220;{}&#8220;]<\/p>\n<p>Falzrollen aus Stahl AISI D2 werden bei Anwendungen mit herk\u00f6mmlichen Anforderungen eingesetzt (bei Prototypen, Testversuchen, Labor Maschinen oder Konservenproduktion).<\/p>\n<p>[\/et_pb_accordion_item][et_pb_accordion_item title=&#8220;TYP K360&#8243; _builder_version=&#8220;4.27.3&#8243; custom_margin=&#8220;1px||1px||true&#8220; global_colors_info=&#8220;{}&#8220; open=&#8220;off&#8220;]<\/p>\n<p>Stahl mit hoher Spr\u00f6dbruchsicherheit, besonders geeignet f\u00fcr die Herstellung von Aufreissdeckeln mit einer Bruchlinie (z.B. Easy Open).<\/p>\n<p>[\/et_pb_accordion_item][et_pb_accordion_item title=&#8220;TYP K390&#8243; _builder_version=&#8220;4.27.3&#8243; custom_margin=&#8220;1px||1px||true&#8220; global_colors_info=&#8220;{}&#8220; open=&#8220;off&#8220;]<\/p>\n<p>Gesinterter Stahl mit einer Molek\u00fclstruktur, die gr\u00f6ssere H\u00e4rte wie auch Verschleissbest\u00e4ndigkeit aufweist als Stahl AISI D2.<\/p>\n<p>[\/et_pb_accordion_item][et_pb_accordion_item title=&#8220; STOODY METAL&#8220; _builder_version=&#8220;4.27.3&#8243; custom_margin=&#8220;1px||1px||true&#8220; global_colors_info=&#8220;{}&#8220; open=&#8220;off&#8220;]<\/p>\n<p>Stoody Metal ist eine mit dem Schleuderguss-Verfahren hergestellte Legierung aus Chrom und Kobalt, die h\u00f6chste Verschleissbest\u00e4ndigkeit und maximale Produktionszahlen selbst unter extremen Arbeitsbedingungen verspricht (empfohlen f\u00fcr die Getr\u00e4nkeindustrie).<\/p>\n<p>[\/et_pb_accordion_item][et_pb_accordion_item title=&#8220;CVD-TECHNOLOGIE&#8220; _builder_version=&#8220;4.27.3&#8243; custom_margin=&#8220;1px||1px||true&#8220; global_colors_info=&#8220;{}&#8220; open=&#8220;on&#8220;]<\/p>\n<p>Beim CVD-Verfahren (Chemical Vapor Deposition) werden in der Dampfphase Verbindungen erzeugt, die durch chemische Reaktionen auf dem Werkst\u00fcck abgelagert werden. Mit dem CVD-Verfahren k\u00f6nnen verschiedene Arten von Beschichtungen wie Titancarbit \u201cTiC\u201d, Titannitrid \u201cTiN\u201d, Titancarbonitride \u201cTiCN sowie Aluminiumoxid \u201cAl2O3\u201d aufgebracht werden.<\/p>\n<p>[\/et_pb_accordion_item][\/et_pb_accordion][\/et_pb_column][\/et_pb_row][\/et_pb_section][et_pb_section fb_built=&#8220;1&#8243; _builder_version=&#8220;4.27.3&#8243; _module_preset=&#8220;default&#8220; background_color=&#8220;#f7f7f7&#8243; global_colors_info=&#8220;{}&#8220;][et_pb_row _builder_version=&#8220;4.16&#8243; global_colors_info=&#8220;{}&#8220;][et_pb_column type=&#8220;4_4&#8243; _builder_version=&#8220;4.16&#8243; custom_padding=&#8220;|||&#8220; global_colors_info=&#8220;{}&#8220; custom_padding__hover=&#8220;|||&#8220;][et_pb_image src=&#8220;https:\/\/lconsulting.ch\/wp-content\/uploads\/2024\/08\/Imeta_Rolline-e-mandrini_composizione_01.jpg&#8220; title_text=&#8220;Imeta_Rolline e mandrini_composizione_01&#8243; force_fullwidth=&#8220;on&#8220; align_tablet=&#8220;center&#8220; align_phone=&#8220;center&#8220; align_last_edited=&#8220;on|desktop&#8220; _builder_version=&#8220;4.27.3&#8243; global_colors_info=&#8220;{}&#8220;][\/et_pb_image][\/et_pb_column][\/et_pb_row][\/et_pb_section][et_pb_section fb_built=&#8220;1&#8243; _builder_version=&#8220;4.27.0&#8243; _module_preset=&#8220;default&#8220; border_width_top=&#8220;5px&#8220; border_color_top=&#8220;#E09900&#8243; locked=&#8220;off&#8220; global_colors_info=&#8220;{}&#8220;][et_pb_row column_structure=&#8220;1_4,1_4,1_4,1_4&#8243; _builder_version=&#8220;4.27.0&#8243; _module_preset=&#8220;default&#8220; global_colors_info=&#8220;{}&#8220;][et_pb_column type=&#8220;1_4&#8243; _builder_version=&#8220;4.27.0&#8243; _module_preset=&#8220;default&#8220; global_colors_info=&#8220;{}&#8220;][et_pb_heading title=&#8220;Kontakt&#8220; _builder_version=&#8220;4.27.0&#8243; _module_preset=&#8220;default&#8220; global_colors_info=&#8220;{}&#8220;][\/et_pb_heading][et_pb_text _builder_version=&#8220;4.27.3&#8243; _module_preset=&#8220;default&#8220; global_colors_info=&#8220;{}&#8220;]<\/p>\n<p>info@lconsulting.ch<\/p>\n<p>[\/et_pb_text][\/et_pb_column][et_pb_column type=&#8220;1_4&#8243; _builder_version=&#8220;4.27.0&#8243; _module_preset=&#8220;default&#8220; global_colors_info=&#8220;{}&#8220;][et_pb_heading title=&#8220;Adresse&#8220; _builder_version=&#8220;4.27.0&#8243; _module_preset=&#8220;default&#8220; global_colors_info=&#8220;{}&#8220;][\/et_pb_heading][et_pb_text _builder_version=&#8220;4.27.3&#8243; _module_preset=&#8220;default&#8220; global_colors_info=&#8220;{}&#8220;]<\/p>\n<p>Baarerstrasse 109,<br \/><span>CH-6300 Zug<\/span><\/p>\n<p>[\/et_pb_text][\/et_pb_column][et_pb_column type=&#8220;1_4&#8243; _builder_version=&#8220;4.27.0&#8243; _module_preset=&#8220;default&#8220; global_colors_info=&#8220;{}&#8220;][et_pb_heading title=&#8220;Services&#8220; _builder_version=&#8220;4.27.0&#8243; _module_preset=&#8220;default&#8220; global_colors_info=&#8220;{}&#8220;][\/et_pb_heading][et_pb_text _builder_version=&#8220;4.27.0&#8243; _module_preset=&#8220;default&#8220; text_font=&#8220;&#8211;et_global_body_font||||||||&#8220; global_colors_info=&#8220;{}&#8220;]<\/p>\n<p><a href=\"https:\/\/lconsulting.ch\/datenschutz\/\">Datenschutz<\/a><br \/><a href=\"https:\/\/lconsulting.ch\/impressum\/\">Impressum<\/a><\/p>\n<p>[\/et_pb_text][\/et_pb_column][et_pb_column type=&#8220;1_4&#8243; _builder_version=&#8220;4.27.0&#8243; _module_preset=&#8220;default&#8220; global_colors_info=&#8220;{}&#8220;][et_pb_image src=&#8220;https:\/\/lconsulting.ch\/wp-content\/uploads\/2024\/09\/co2-neutral-website-logo.png&#8220; title_text=&#8220;co2-neutral-website-logo&#8220; align=&#8220;center&#8220; _builder_version=&#8220;4.27.0&#8243; _module_preset=&#8220;default&#8220; height=&#8220;100px&#8220; global_colors_info=&#8220;{}&#8220;][\/et_pb_image][\/et_pb_column][\/et_pb_row][\/et_pb_section]<\/p>\n","protected":false},"excerpt":{"rendered":"<p>FALZROLLENWir bieten Falzrollen f\u00fcr diverse Dosen- und Deckelformate an, sowohl f\u00fcr Lebensmittelprodukte als auch f\u00fcr die Getr\u00e4nkebranche. Von rostfreiem Stahl bis zum Stoody Metal, AISI 440, AISI D2 in Kombination mit Beschichtungen wie TiN, TiCN, Alo3 oder Diamant sowie mehr als 3000 verschiedenen Profilen und einer umfassender Materialanalyse unterst\u00fctzen wir unsere Kunden bei der optimalen [&hellip;]<\/p>\n","protected":false},"author":1,"featured_media":0,"parent":0,"menu_order":0,"comment_status":"closed","ping_status":"closed","template":"","meta":{"_et_pb_use_builder":"on","_et_pb_old_content":"","_et_gb_content_width":"","footnotes":""},"class_list":["post-63","page","type-page","status-publish","hentry"],"_links":{"self":[{"href":"https:\/\/lconsulting.ch\/en\/wp-json\/wp\/v2\/pages\/63","targetHints":{"allow":["GET"]}}],"collection":[{"href":"https:\/\/lconsulting.ch\/en\/wp-json\/wp\/v2\/pages"}],"about":[{"href":"https:\/\/lconsulting.ch\/en\/wp-json\/wp\/v2\/types\/page"}],"author":[{"embeddable":true,"href":"https:\/\/lconsulting.ch\/en\/wp-json\/wp\/v2\/users\/1"}],"replies":[{"embeddable":true,"href":"https:\/\/lconsulting.ch\/en\/wp-json\/wp\/v2\/comments?post=63"}],"version-history":[{"count":54,"href":"https:\/\/lconsulting.ch\/en\/wp-json\/wp\/v2\/pages\/63\/revisions"}],"predecessor-version":[{"id":1352,"href":"https:\/\/lconsulting.ch\/en\/wp-json\/wp\/v2\/pages\/63\/revisions\/1352"}],"wp:attachment":[{"href":"https:\/\/lconsulting.ch\/en\/wp-json\/wp\/v2\/media?parent=63"}],"curies":[{"name":"wp","href":"https:\/\/api.w.org\/{rel}","templated":true}]}}