{"id":147,"date":"2024-01-25T10:33:19","date_gmt":"2024-01-25T10:33:19","guid":{"rendered":"https:\/\/lconsulting.ch\/?page_id=147"},"modified":"2024-02-19T22:15:14","modified_gmt":"2024-02-19T22:15:14","slug":"ersatzteile-dosenverschliesser","status":"publish","type":"page","link":"https:\/\/lconsulting.ch\/en\/ersatzteile-dosenverschliesser\/","title":{"rendered":"Ersatzteile Dosenverschliesser"},"content":{"rendered":"<p>[et_pb_section fb_built=&#8220;1&#8243; admin_label=&#8220;Header&#8220; _builder_version=&#8220;4.24.0&#8243; _module_preset=&#8220;default&#8220; background_color=&#8220;#000000&#8243; custom_padding=&#8220;0px||||false|false&#8220; locked=&#8220;off&#8220; global_colors_info=&#8220;{}&#8220;][et_pb_row column_structure=&#8220;3_5,2_5&#8243; use_custom_gutter=&#8220;on&#8220; gutter_width=&#8220;1&#8243; make_equal=&#8220;on&#8220; _builder_version=&#8220;4.24.0&#8243; _module_preset=&#8220;default&#8220; custom_padding=&#8220;0px||0px||false|false&#8220; box_shadow_style=&#8220;preset4&#8243; box_shadow_horizontal=&#8220;-30vw&#8220; box_shadow_vertical=&#8220;0px&#8220; box_shadow_color=&#8220;#1D1D25&#8243; global_colors_info=&#8220;{}&#8220;][et_pb_column type=&#8220;3_5&#8243; _builder_version=&#8220;4.24.0&#8243; _module_preset=&#8220;default&#8220; background_color=&#8220;#000000&#8243; custom_padding=&#8220;150px|40px|40px||false|false&#8220; custom_padding_tablet=&#8220;60px||60px||true|false&#8220; custom_padding_phone=&#8220;40px||40px||true|false&#8220; custom_padding_last_edited=&#8220;on|phone&#8220; global_colors_info=&#8220;{}&#8220;][et_pb_text _builder_version=&#8220;4.24.0&#8243; _module_preset=&#8220;e598b17a-9229-42f6-b238-019d6094332e&#8220; header_font=&#8220;Outfit|600|||||||&#8220; header_text_color=&#8220;#FFFFFF&#8220; header_font_size=&#8220;64px&#8220; header_line_height=&#8220;1.1em&#8220; custom_margin=&#8220;||0px||false|false&#8220; header_font_size_tablet=&#8220;40px&#8220; header_font_size_phone=&#8220;24px&#8220; header_font_size_last_edited=&#8220;on|phone&#8220; locked=&#8220;off&#8220; global_colors_info=&#8220;{}&#8220;]<\/p>\n<h1>Ersatzteile Dosenverschliesser<\/h1>\n<p>[\/et_pb_text][et_pb_divider color=&#8220;rgba(255,255,255,0.24)&#8220; divider_weight=&#8220;10px&#8220; divider_weight_tablet=&#8220;5px&#8220; divider_weight_phone=&#8220;5px&#8220; divider_weight_last_edited=&#8220;on|phone&#8220; _builder_version=&#8220;4.16&#8243; _module_preset=&#8220;default&#8220; max_width=&#8220;364px&#8220; custom_margin=&#8220;-6%||||false|false&#8220; custom_margin_tablet=&#8220;-3%||||false|false&#8220; custom_margin_phone=&#8220;-6%||||false|false&#8220; custom_margin_last_edited=&#8220;on|desktop&#8220; locked=&#8220;off&#8220; global_colors_info=&#8220;{}&#8220;][\/et_pb_divider][\/et_pb_column][et_pb_column type=&#8220;2_5&#8243; _builder_version=&#8220;4.16&#8243; _module_preset=&#8220;default&#8220; global_colors_info=&#8220;{}&#8220;][et_pb_image src=&#8220;https:\/\/lconsulting.ch\/wp-content\/uploads\/2024\/02\/Deckel_machine-1.jpg&#8220; title_text=&#8220;Deckel_machine&#8220; _builder_version=&#8220;4.24.1&#8243; _module_preset=&#8220;default&#8220; hover_enabled=&#8220;0&#8243; global_colors_info=&#8220;{}&#8220; sticky_enabled=&#8220;0&#8243;][\/et_pb_image][\/et_pb_column][\/et_pb_row][\/et_pb_section][et_pb_section fb_built=&#8220;1&#8243; admin_label=&#8220;About&#8220; _builder_version=&#8220;4.16&#8243; _module_preset=&#8220;default&#8220; global_colors_info=&#8220;{}&#8220;][et_pb_row _builder_version=&#8220;4.24.1&#8243; _module_preset=&#8220;default&#8220;][et_pb_column _builder_version=&#8220;4.24.1&#8243; _module_preset=&#8220;default&#8220; type=&#8220;4_4&#8243;][et_pb_text _builder_version=&#8220;4.24.1&#8243; _module_preset=&#8220;default&#8220; hover_enabled=&#8220;0&#8243; sticky_enabled=&#8220;0&#8243;]<\/p>\n<p style=\"font-weight: 400;\">Wir beraten und bieten optimale Ersatzteile Pakete f\u00fcr ihren Dosenverschliesser an. Dabei fokusieren wir uns auf die einzelnen Baugruppen von Operteil, Mittelteil, Unterteil, Deckelabstappelung, Deckelsternlagerung, Einf\u00fchrtische, Abtrieb, Kettenantriebe und Wekrzeuge.<\/p>\n<p>[\/et_pb_text][\/et_pb_column][\/et_pb_row][et_pb_row _builder_version=&#8220;4.24.1&#8243; _module_preset=&#8220;default&#8220;][et_pb_column _builder_version=&#8220;4.24.1&#8243; _module_preset=&#8220;default&#8220; type=&#8220;4_4&#8243;][et_pb_image src=&#8220;https:\/\/lconsulting.ch\/wp-content\/uploads\/2024\/02\/Attrezzatura-completa-Angelus-60L_nero.jpg&#8220; _builder_version=&#8220;4.24.1&#8243; _module_preset=&#8220;default&#8220; title_text=&#8220;attrezzatura 0010&#8243; hover_enabled=&#8220;0&#8243; sticky_enabled=&#8220;0&#8243; align=&#8220;center&#8220; width=&#8220;69%&#8220;][\/et_pb_image][et_pb_text _builder_version=&#8220;4.24.1&#8243; _module_preset=&#8220;default&#8220; hover_enabled=&#8220;0&#8243; sticky_enabled=&#8220;0&#8243;]<\/p>\n<p style=\"font-weight: 400;\">Kompletter Baugruppen Austausch vor Ort, f\u00fcr die Kunden die Wert auf Zeit legen empfehlen wir die Quickchange Version.<\/p>\n<p style=\"font-weight: 400;\">Dabei bauen wir die f\u00fcr Revision vorgesehen Baugruppe aus und setzten die bereits revidierte Baugruppe ein und sparen so den Zeitaufwand der Revision die wir an der ausgebauten Gruppe durchf\u00fchren w\u00e4hrend der Kunde bereits wieder<\/p>\n<p style=\"font-weight: 400;\">die Produktion gestartet hat.<\/p>\n<p style=\"font-weight: 400;\">\n<p style=\"font-weight: 400;\">Eine weitere Option ist es den Dosenverschliesser komplett in unserer Fabrik restaurieren zu lassen, wo wir von Grundauf diesen Zerlegen und von neu aufbauen, wie hier auf den Bildern ersichtlich ist.<span>\u00a0<\/span><\/p>\n<p>[\/et_pb_text][\/et_pb_column][\/et_pb_row][et_pb_row _builder_version=&#8220;4.24.1&#8243; _module_preset=&#8220;default&#8220; column_structure=&#8220;1_2,1_2&#8243;][et_pb_column _builder_version=&#8220;4.24.1&#8243; _module_preset=&#8220;default&#8220; type=&#8220;1_2&#8243;][et_pb_text _builder_version=&#8220;4.24.1&#8243; _module_preset=&#8220;default&#8220; hover_enabled=&#8220;0&#8243; sticky_enabled=&#8220;0&#8243;]<\/p>\n<p><span><strong>Vorher\u00a0\u00a0<\/strong>\u00a0\u00a0<\/span><\/p>\n<p>[\/et_pb_text][et_pb_image src=&#8220;https:\/\/lconsulting.ch\/wp-content\/uploads\/2024\/02\/unnamed-14.png&#8220; _builder_version=&#8220;4.24.1&#8243; _module_preset=&#8220;default&#8220; title_text=&#8220;unnamed (14)&#8220; align=&#8220;center&#8220; hover_enabled=&#8220;0&#8243; sticky_enabled=&#8220;0&#8243;][\/et_pb_image][\/et_pb_column][et_pb_column _builder_version=&#8220;4.24.1&#8243; _module_preset=&#8220;default&#8220; type=&#8220;1_2&#8243;][et_pb_text _builder_version=&#8220;4.24.1&#8243; _module_preset=&#8220;default&#8220; hover_enabled=&#8220;0&#8243; sticky_enabled=&#8220;0&#8243;]<\/p>\n<p><strong>Nacher<\/strong><\/p>\n<p>[\/et_pb_text][et_pb_image src=&#8220;https:\/\/lconsulting.ch\/wp-content\/uploads\/2024\/02\/unnamed-15.png&#8220; _builder_version=&#8220;4.24.1&#8243; _module_preset=&#8220;default&#8220; title_text=&#8220;unnamed (15)&#8220; align=&#8220;center&#8220; hover_enabled=&#8220;0&#8243; sticky_enabled=&#8220;0&#8243;][\/et_pb_image][\/et_pb_column][\/et_pb_row][\/et_pb_section][et_pb_section fb_built=&#8220;1&#8243; admin_label=&#8220;Call to Action&#8220; _builder_version=&#8220;4.16&#8243; _module_preset=&#8220;default&#8220; custom_padding=&#8220;0px||0px||false|false&#8220; saved_tabs=&#8220;all&#8220; locked=&#8220;off&#8220; global_colors_info=&#8220;{}&#8220;][et_pb_row custom_padding_last_edited=&#8220;on|phone&#8220; _builder_version=&#8220;4.16&#8243; _module_preset=&#8220;default&#8220; background_color=&#8220;#4C594C&#8220; custom_padding=&#8220;48px|60px|48px|60px|true|true&#8220; custom_padding_tablet=&#8220;60px||60px||true|false&#8220; custom_padding_phone=&#8220;40px||40px|20px|true|false&#8220; box_shadow_style=&#8220;preset4&#8243; box_shadow_horizontal=&#8220;300px&#8220; box_shadow_vertical=&#8220;0px&#8220; box_shadow_color=&#8220;#4C594C&#8220; global_colors_info=&#8220;{}&#8220;][et_pb_column type=&#8220;4_4&#8243; _builder_version=&#8220;4.16&#8243; _module_preset=&#8220;default&#8220; global_colors_info=&#8220;{}&#8220;][et_pb_text _builder_version=&#8220;4.16&#8243; _module_preset=&#8220;53fac924-1644-4f70-a8a0-435df3cf1c52&#8243; header_font=&#8220;Outfit|600|||||||&#8220; header_text_align=&#8220;center&#8220; header_text_color=&#8220;#FFFFFF&#8220; header_font_size=&#8220;90px&#8220; header_line_height=&#8220;1.1em&#8220; header_font_size_tablet=&#8220;50px&#8220; header_font_size_phone=&#8220;24px&#8220; header_font_size_last_edited=&#8220;on|phone&#8220; locked=&#8220;off&#8220; global_colors_info=&#8220;{}&#8220;]<\/p>\n<h1>Ready to Grow?<\/h1>\n<p>[\/et_pb_text][et_pb_button button_text=&#8220;Get a Free Consultation&#8220; button_alignment=&#8220;center&#8220; _builder_version=&#8220;4.16&#8243; _module_preset=&#8220;bdf23963-464b-4991-88aa-271cf8b45b57&#8243; custom_button=&#8220;on&#8220; button_text_size=&#8220;14px&#8220; button_text_color=&#8220;#000000&#8243; button_bg_color=&#8220;#FFFFFF&#8220; button_border_width=&#8220;0px&#8220; button_border_radius=&#8220;0px&#8220; button_font=&#8220;|700|||||||&#8220; custom_padding=&#8220;20px|30px|20px|30px|true|true&#8220; locked=&#8220;off&#8220; global_colors_info=&#8220;{}&#8220;][\/et_pb_button][\/et_pb_column][\/et_pb_row][\/et_pb_section]<\/p>\n","protected":false},"excerpt":{"rendered":"<p>Ersatzteile DosenverschliesserWir beraten und bieten optimale Ersatzteile Pakete f\u00fcr ihren Dosenverschliesser an. Dabei fokusieren wir uns auf die einzelnen Baugruppen von Operteil, Mittelteil, Unterteil, Deckelabstappelung, Deckelsternlagerung, Einf\u00fchrtische, Abtrieb, Kettenantriebe und Wekrzeuge.Kompletter Baugruppen Austausch vor Ort, f\u00fcr die Kunden die Wert auf Zeit legen empfehlen wir die Quickchange Version. Dabei bauen wir die f\u00fcr Revision vorgesehen [&hellip;]<\/p>\n","protected":false},"author":1,"featured_media":0,"parent":0,"menu_order":0,"comment_status":"closed","ping_status":"closed","template":"","meta":{"_et_pb_use_builder":"on","_et_pb_old_content":"","_et_gb_content_width":"","footnotes":""},"class_list":["post-147","page","type-page","status-publish","hentry"],"_links":{"self":[{"href":"https:\/\/lconsulting.ch\/en\/wp-json\/wp\/v2\/pages\/147","targetHints":{"allow":["GET"]}}],"collection":[{"href":"https:\/\/lconsulting.ch\/en\/wp-json\/wp\/v2\/pages"}],"about":[{"href":"https:\/\/lconsulting.ch\/en\/wp-json\/wp\/v2\/types\/page"}],"author":[{"embeddable":true,"href":"https:\/\/lconsulting.ch\/en\/wp-json\/wp\/v2\/users\/1"}],"replies":[{"embeddable":true,"href":"https:\/\/lconsulting.ch\/en\/wp-json\/wp\/v2\/comments?post=147"}],"version-history":[{"count":5,"href":"https:\/\/lconsulting.ch\/en\/wp-json\/wp\/v2\/pages\/147\/revisions"}],"predecessor-version":[{"id":422,"href":"https:\/\/lconsulting.ch\/en\/wp-json\/wp\/v2\/pages\/147\/revisions\/422"}],"wp:attachment":[{"href":"https:\/\/lconsulting.ch\/en\/wp-json\/wp\/v2\/media?parent=147"}],"curies":[{"name":"wp","href":"https:\/\/api.w.org\/{rel}","templated":true}]}}