{"id":131,"date":"2024-01-25T09:54:16","date_gmt":"2024-01-25T09:54:16","guid":{"rendered":"https:\/\/lconsulting.ch\/?page_id=131"},"modified":"2024-11-24T19:29:50","modified_gmt":"2024-11-24T19:29:50","slug":"umbauten","status":"publish","type":"page","link":"https:\/\/lconsulting.ch\/en\/umbauten\/","title":{"rendered":"Conversions"},"content":{"rendered":"<p>[et_pb_section fb_built=&#8220;1&#8243; admin_label=&#8220;Header&#8220; _builder_version=&#8220;4.27.2&#8243; _module_preset=&#8220;default&#8220; use_background_color_gradient=&#8220;on&#8220; background_color_gradient_stops=&#8220;rgba(0,0,0,0.5) 0%|rgba(0,0,0,0.5) 100%&#8220; background_color_gradient_overlays_image=&#8220;on&#8220; background_image=&#8220;https:\/\/lconsulting.ch\/wp-content\/uploads\/2024\/11\/Imeta_Attrezzatura-completa-Cevolani.jpg&#8220; background_enable_video_mp4=&#8220;off&#8220; width=&#8220;100%&#8220; max_width=&#8220;100%&#8220; min_height=&#8220;720px&#8220; height=&#8220;425px&#8220; max_height=&#8220;647px&#8220; custom_padding=&#8220;2vw||2vw||true|false&#8220; locked=&#8220;off&#8220; collapsed=&#8220;on&#8220; global_colors_info=&#8220;{}&#8220;][et_pb_row _builder_version=&#8220;4.20.0&#8243; _module_preset=&#8220;default&#8220; global_colors_info=&#8220;{}&#8220;][et_pb_column type=&#8220;4_4&#8243; _builder_version=&#8220;4.20.0&#8243; _module_preset=&#8220;default&#8220; global_colors_info=&#8220;{}&#8220;][et_pb_text _builder_version=&#8220;4.27.2&#8243; _module_preset=&#8220;82bb1ff9-da0e-4c15-8f91-8e5c0f8aa5f5&#8243; header_font=&#8220;&#8211;et_global_heading_font|300||on|||||&#8220; header_text_color=&#8220;#FFFFFF&#8220; header_font_size=&#8220;60px&#8220; header_letter_spacing=&#8220;0em&#8220; header_line_height=&#8220;1.1em&#8220; header_3_font=&#8220;&#8211;et_global_heading_font||||||||&#8220; header_3_text_color=&#8220;#FFFFFF&#8220; header_3_font_size=&#8220;34px&#8220; text_orientation=&#8220;center&#8220; custom_padding=&#8220;230px||||false|false&#8220; global_colors_info=&#8220;{}&#8220;]<\/p>\n<h3><strong>UMBAUTEN<\/strong><\/h3>\n<p>[\/et_pb_text][\/et_pb_column][\/et_pb_row][\/et_pb_section][et_pb_section fb_built=&#8220;1&#8243; _builder_version=&#8220;4.27.2&#8243; _module_preset=&#8220;default&#8220; global_colors_info=&#8220;{}&#8220;][et_pb_row _builder_version=&#8220;4.27.2&#8243; _module_preset=&#8220;default&#8220; global_colors_info=&#8220;{}&#8220;][et_pb_column type=&#8220;4_4&#8243; _builder_version=&#8220;4.27.2&#8243; _module_preset=&#8220;default&#8220; global_colors_info=&#8220;{}&#8220;][et_pb_text _builder_version=&#8220;4.27.3&#8243; _module_preset=&#8220;default&#8220; global_colors_info=&#8220;{}&#8220;]<\/p>\n<p>M\u00f6chten Sie ein weiteres Dosenformat auf Ihrer Anlage erg\u00e4nzen? Von Standard Dose auf Sleek, Slim oder sogar CDL?<\/p>\n<p>[\/et_pb_text][\/et_pb_column][\/et_pb_row][\/et_pb_section][et_pb_section fb_built=&#8220;1&#8243; use_custom_gutter=&#8220;on&#8220; gutter_width=&#8220;1&#8243; specialty=&#8220;on&#8220; padding_top_1=&#8220;80px&#8220; padding_right_1=&#8220;60px&#8220; padding_bottom_1=&#8220;80px&#8220; padding_left_1=&#8220;60px&#8220; padding_top_bottom_link_1=&#8220;true&#8220; padding_left_right_link_1=&#8220;true&#8220; padding_1_tablet=&#8220;|40px||40px||true&#8220; padding_1_phone=&#8220;&#8220; padding_1_last_edited=&#8220;on|phone&#8220; admin_label=&#8220;Features&#8220; module_class=&#8220; et_pb_specialty_fullwidth&#8220; _builder_version=&#8220;4.16&#8243; background_color=&#8220;#2a2a2a&#8220; inner_width=&#8220;100%&#8220; inner_width_tablet=&#8220;100%&#8220; inner_width_phone=&#8220;100%&#8220; inner_width_last_edited=&#8220;on|desktop&#8220; inner_max_width=&#8220;100%&#8220; inner_max_width_tablet=&#8220;100%&#8220; inner_max_width_phone=&#8220;100%&#8220; inner_max_width_last_edited=&#8220;on|desktop&#8220; custom_padding=&#8220;0px||0px||true&#8220; make_fullwidth=&#8220;on&#8220; locked=&#8220;off&#8220; global_colors_info=&#8220;{}&#8220;][et_pb_column type=&#8220;1_3&#8243; _builder_version=&#8220;4.16&#8243; custom_padding=&#8220;|||&#8220; global_colors_info=&#8220;{}&#8220; padding_tablet=&#8220;|40px||40px||true&#8220; padding_last_edited=&#8220;on|phone&#8220; custom_padding__hover=&#8220;|||&#8220; padding_phone=&#8220;|40px||40px||true&#8220;][et_pb_text _builder_version=&#8220;4.27.3&#8243; text_font=&#8220;||||||||&#8220; text_font_size=&#8220;15px&#8220; text_line_height=&#8220;1.8em&#8220; background_layout=&#8220;dark&#8220; custom_margin=&#8220;50px||50px||true&#8220; locked=&#8220;off&#8220; global_colors_info=&#8220;{}&#8220;]<\/p>\n<p>Im Laufe der Jahre sind neue Deckelarten auf den Markt gekommen, u.a. die CDL, Easy Open oder die Easy Peel-Deckel. Die meisten bestehenden Anlagen sind f\u00fcr derartige \u00c4nderungen inkompatibel.<\/p>\n<p>Wir haben diese Entwicklung mitverfolgt und f\u00fcr unsere Kunden integrierbare Nachr\u00fcstungen entwickelt.<\/p>\n<p>[\/et_pb_text][et_pb_button button_url=&#8220;https:\/\/lconsulting.ch\/kontakt\/&#8220; button_text=&#8220;Fordern Sie eine kostenlose Beratung an&#8220; _builder_version=&#8220;4.27.3&#8243; _module_preset=&#8220;default&#8220; custom_button=&#8220;on&#8220; button_text_size=&#8220;16px&#8220; button_text_color=&#8220;#FFFFFF&#8220; button_bg_color=&#8220;#E09900&#8243; button_font=&#8220;&#8211;et_global_heading_font|300|||||||&#8220; hover_enabled=&#8220;0&#8243; locked=&#8220;off&#8220; global_colors_info=&#8220;{}&#8220; button_border_color=&#8220;RGBA(255,255,255,0)&#8220; sticky_enabled=&#8220;0&#8243;][\/et_pb_button][\/et_pb_column][et_pb_column type=&#8220;2_3&#8243; specialty_columns=&#8220;2&#8243; _builder_version=&#8220;4.16&#8243; custom_padding=&#8220;|||&#8220; global_colors_info=&#8220;{}&#8220; custom_padding__hover=&#8220;|||&#8220;][et_pb_row_inner _builder_version=&#8220;4.16&#8243; custom_margin=&#8220;|||&#8220; custom_padding=&#8220;0||0||true|false&#8220; global_colors_info=&#8220;{}&#8220;][et_pb_column_inner saved_specialty_column_type=&#8220;2_3&#8243; _builder_version=&#8220;4.16&#8243; custom_padding=&#8220;|||&#8220; global_colors_info=&#8220;{}&#8220; custom_padding__hover=&#8220;|||&#8220;][et_pb_video src=&#8220;https:\/\/lconsulting.ch\/wp-content\/uploads\/2024\/11\/11193.mp4&#8243; image_src=&#8220;https:\/\/lconsulting.ch\/wp-content\/uploads\/2024\/11\/Imeta_Sfogliatore-coperchi-ad-una-coclea-Angelus-60LAP0158.4_01.jpg&#8220; _builder_version=&#8220;4.27.3&#8243; global_colors_info=&#8220;{}&#8220;][\/et_pb_video][\/et_pb_column_inner][\/et_pb_row_inner][et_pb_row_inner column_structure=&#8220;1_2,1_2&#8243; padding_top_bottom_link_1=&#8220;true&#8220; padding_top_bottom_link_2=&#8220;true&#8220; padding_left_right_link_1=&#8220;true&#8220; _builder_version=&#8220;4.16&#8243; background_color=&#8220;#ffffff&#8220; custom_margin=&#8220;|||&#8220; custom_padding=&#8220;0||0||true|false&#8220; animation_style=&#8220;slide&#8220; animation_direction=&#8220;top&#8220; animation_intensity_slide=&#8220;10%&#8220; box_shadow_style=&#8220;preset3&#8243; box_shadow_vertical=&#8220;30px&#8220; box_shadow_blur=&#8220;65px&#8220; box_shadow_spread=&#8220;-30px&#8220; box_shadow_color=&#8220;rgba(0,0,0,0.35)&#8220; locked=&#8220;off&#8220; global_colors_info=&#8220;{}&#8220;][et_pb_column_inner type=&#8220;1_2&#8243; saved_specialty_column_type=&#8220;2_3&#8243; _builder_version=&#8220;4.16&#8243; background_color=&#8220;#ffb400&#8243; custom_padding=&#8220;25px|50px|25px|50px&#8220; global_colors_info=&#8220;{}&#8220; custom_padding__hover=&#8220;|||&#8220;][\/et_pb_column_inner][et_pb_column_inner type=&#8220;1_2&#8243; saved_specialty_column_type=&#8220;2_3&#8243; _builder_version=&#8220;4.16&#8243; background_color=&#8220;#ffffff&#8220; custom_padding=&#8220;40px||40px|&#8220; global_colors_info=&#8220;{}&#8220; custom_padding__hover=&#8220;|||&#8220;][\/et_pb_column_inner][\/et_pb_row_inner][\/et_pb_column][\/et_pb_section][et_pb_section fb_built=&#8220;1&#8243; _builder_version=&#8220;4.27.3&#8243; _module_preset=&#8220;default&#8220; global_colors_info=&#8220;{}&#8220;][\/et_pb_section][et_pb_section fb_built=&#8220;1&#8243; use_custom_gutter=&#8220;on&#8220; gutter_width=&#8220;1&#8243; specialty=&#8220;on&#8220; padding_top_1=&#8220;80px&#8220; padding_right_1=&#8220;60px&#8220; padding_bottom_1=&#8220;80px&#8220; padding_left_1=&#8220;60px&#8220; padding_top_bottom_link_1=&#8220;true&#8220; padding_left_right_link_1=&#8220;true&#8220; padding_1_tablet=&#8220;|40px||40px||true&#8220; padding_1_phone=&#8220;&#8220; padding_1_last_edited=&#8220;on|phone&#8220; admin_label=&#8220;Features&#8220; module_class=&#8220; et_pb_specialty_fullwidth&#8220; _builder_version=&#8220;4.27.3&#8243; background_color=&#8220;#2a2a2a&#8220; inner_width=&#8220;100%&#8220; inner_width_tablet=&#8220;100%&#8220; inner_width_phone=&#8220;100%&#8220; inner_width_last_edited=&#8220;on|desktop&#8220; inner_max_width=&#8220;100%&#8220; inner_max_width_tablet=&#8220;100%&#8220; inner_max_width_phone=&#8220;100%&#8220; inner_max_width_last_edited=&#8220;on|desktop&#8220; custom_padding=&#8220;0px||0px||true&#8220; make_fullwidth=&#8220;on&#8220; locked=&#8220;off&#8220; global_colors_info=&#8220;{}&#8220;][et_pb_column type=&#8220;1_3&#8243; _builder_version=&#8220;4.16&#8243; custom_padding=&#8220;|||&#8220; global_colors_info=&#8220;{}&#8220; padding_tablet=&#8220;|40px||40px||true&#8220; padding_last_edited=&#8220;on|phone&#8220; custom_padding__hover=&#8220;|||&#8220; padding_phone=&#8220;|40px||40px||true&#8220;][et_pb_text _builder_version=&#8220;4.27.3&#8243; text_font=&#8220;||||||||&#8220; text_font_size=&#8220;15px&#8220; text_line_height=&#8220;1.8em&#8220; background_layout=&#8220;dark&#8220; custom_margin=&#8220;50px||50px||true&#8220; locked=&#8220;off&#8220; global_colors_info=&#8220;{}&#8220;]<\/p>\n<p>Im Sinne der Kosteneinsparung wurde die Dicke des Weissblechs zunehmend verringert. Bei \u00e4lteren Falzmaschinen f\u00fchrt diese Material\u00e4nderung vermehrt zu verrutschten Spindeln. Um diesem Problem entgegen zu wirken, wird der Pinolendruck erh\u00f6ht und die Maschinengeschwindigkeit reduziert.<\/p>\n<p>Dank dem Umr\u00fcstungskit k\u00f6nnen unsere Kunden den Pinolenantrieb wieder optimal ansetzen. Nach der Montage der angetriebenen Pinolen und einer ad\u00e4quaten \u00dcberholung ist die Maschine in der Lage, selbst Dosen mit reduzierter Blechdicke in hoher Geschwindigkeit zu falzen und somit die Leistung der gesamten Fertigungsstrecke zu verbessern.<\/p>\n<p>[\/et_pb_text][et_pb_button button_url=&#8220;https:\/\/lconsulting.ch\/kontakt\/&#8220; button_text=&#8220;Fordern Sie eine kostenlose Beratung an&#8220; _builder_version=&#8220;4.27.3&#8243; _module_preset=&#8220;default&#8220; custom_button=&#8220;on&#8220; button_text_size=&#8220;16px&#8220; button_text_color=&#8220;#FFFFFF&#8220; button_bg_color=&#8220;#E09900&#8243; button_font=&#8220;&#8211;et_global_heading_font|300|||||||&#8220; hover_enabled=&#8220;0&#8243; locked=&#8220;off&#8220; global_colors_info=&#8220;{}&#8220; button_border_color=&#8220;RGBA(255,255,255,0)&#8220; sticky_enabled=&#8220;0&#8243;][\/et_pb_button][\/et_pb_column][et_pb_column type=&#8220;2_3&#8243; specialty_columns=&#8220;2&#8243; _builder_version=&#8220;4.16&#8243; custom_padding=&#8220;|||&#8220; global_colors_info=&#8220;{}&#8220; custom_padding__hover=&#8220;|||&#8220;][et_pb_row_inner _builder_version=&#8220;4.16&#8243; custom_margin=&#8220;|||&#8220; custom_padding=&#8220;0||0||true|false&#8220; global_colors_info=&#8220;{}&#8220;][et_pb_column_inner saved_specialty_column_type=&#8220;2_3&#8243; _builder_version=&#8220;4.16&#8243; custom_padding=&#8220;|||&#8220; global_colors_info=&#8220;{}&#8220; custom_padding__hover=&#8220;|||&#8220;][et_pb_video src=&#8220;https:\/\/lconsulting.ch\/wp-content\/uploads\/2024\/11\/11194.mp4&#8243; image_src=&#8220;https:\/\/lconsulting.ch\/wp-content\/uploads\/2024\/11\/video1.jpg&#8220; _builder_version=&#8220;4.27.3&#8243; global_colors_info=&#8220;{}&#8220;][\/et_pb_video][\/et_pb_column_inner][\/et_pb_row_inner][et_pb_row_inner column_structure=&#8220;1_2,1_2&#8243; padding_top_bottom_link_1=&#8220;true&#8220; padding_top_bottom_link_2=&#8220;true&#8220; padding_left_right_link_1=&#8220;true&#8220; _builder_version=&#8220;4.16&#8243; background_color=&#8220;#ffffff&#8220; custom_margin=&#8220;|||&#8220; custom_padding=&#8220;0||0||true|false&#8220; animation_style=&#8220;slide&#8220; animation_direction=&#8220;top&#8220; animation_intensity_slide=&#8220;10%&#8220; box_shadow_style=&#8220;preset3&#8243; box_shadow_vertical=&#8220;30px&#8220; box_shadow_blur=&#8220;65px&#8220; box_shadow_spread=&#8220;-30px&#8220; box_shadow_color=&#8220;rgba(0,0,0,0.35)&#8220; locked=&#8220;off&#8220; global_colors_info=&#8220;{}&#8220;][et_pb_column_inner type=&#8220;1_2&#8243; saved_specialty_column_type=&#8220;2_3&#8243; _builder_version=&#8220;4.16&#8243; background_color=&#8220;#ffb400&#8243; custom_padding=&#8220;25px|50px|25px|50px&#8220; global_colors_info=&#8220;{}&#8220; custom_padding__hover=&#8220;|||&#8220;][\/et_pb_column_inner][et_pb_column_inner type=&#8220;1_2&#8243; saved_specialty_column_type=&#8220;2_3&#8243; _builder_version=&#8220;4.16&#8243; background_color=&#8220;#ffffff&#8220; custom_padding=&#8220;40px||40px|&#8220; global_colors_info=&#8220;{}&#8220; custom_padding__hover=&#8220;|||&#8220;][\/et_pb_column_inner][\/et_pb_row_inner][\/et_pb_column][\/et_pb_section][et_pb_section fb_built=&#8220;1&#8243; _builder_version=&#8220;4.27.0&#8243; _module_preset=&#8220;default&#8220; border_width_top=&#8220;5px&#8220; border_color_top=&#8220;#E09900&#8243; locked=&#8220;off&#8220; global_colors_info=&#8220;{}&#8220;][et_pb_row column_structure=&#8220;1_4,1_4,1_4,1_4&#8243; _builder_version=&#8220;4.27.0&#8243; _module_preset=&#8220;default&#8220; global_colors_info=&#8220;{}&#8220;][et_pb_column type=&#8220;1_4&#8243; _builder_version=&#8220;4.27.0&#8243; _module_preset=&#8220;default&#8220; global_colors_info=&#8220;{}&#8220;][et_pb_heading title=&#8220;Kontakt&#8220; _builder_version=&#8220;4.27.0&#8243; _module_preset=&#8220;default&#8220; global_colors_info=&#8220;{}&#8220;][\/et_pb_heading][et_pb_text _builder_version=&#8220;4.27.3&#8243; _module_preset=&#8220;default&#8220; global_colors_info=&#8220;{}&#8220;]<\/p>\n<p>info@lconsulting.ch<\/p>\n<p>[\/et_pb_text][\/et_pb_column][et_pb_column type=&#8220;1_4&#8243; _builder_version=&#8220;4.27.0&#8243; _module_preset=&#8220;default&#8220; global_colors_info=&#8220;{}&#8220;][et_pb_heading title=&#8220;Adresse&#8220; _builder_version=&#8220;4.27.0&#8243; _module_preset=&#8220;default&#8220; global_colors_info=&#8220;{}&#8220;][\/et_pb_heading][et_pb_text _builder_version=&#8220;4.27.3&#8243; _module_preset=&#8220;default&#8220; global_colors_info=&#8220;{}&#8220;]<\/p>\n<p>Baarerstrasse 108,<br \/><span>CH-6300 Zug<\/span><\/p>\n<p>[\/et_pb_text][\/et_pb_column][et_pb_column type=&#8220;1_4&#8243; _builder_version=&#8220;4.27.0&#8243; _module_preset=&#8220;default&#8220; global_colors_info=&#8220;{}&#8220;][et_pb_heading title=&#8220;Services&#8220; _builder_version=&#8220;4.27.0&#8243; _module_preset=&#8220;default&#8220; global_colors_info=&#8220;{}&#8220;][\/et_pb_heading][et_pb_text _builder_version=&#8220;4.27.0&#8243; _module_preset=&#8220;default&#8220; text_font=&#8220;&#8211;et_global_body_font||||||||&#8220; global_colors_info=&#8220;{}&#8220;]<\/p>\n<p><a href=\"https:\/\/lconsulting.ch\/datenschutz\/\">Datenschutz<\/a><br \/><a href=\"https:\/\/lconsulting.ch\/impressum\/\">Impressum<\/a><\/p>\n<p>[\/et_pb_text][\/et_pb_column][et_pb_column type=&#8220;1_4&#8243; _builder_version=&#8220;4.27.0&#8243; _module_preset=&#8220;default&#8220; global_colors_info=&#8220;{}&#8220;][et_pb_image src=&#8220;https:\/\/lconsulting.ch\/wp-content\/uploads\/2024\/09\/co2-neutral-website-logo.png&#8220; title_text=&#8220;co2-neutral-website-logo&#8220; align=&#8220;center&#8220; _builder_version=&#8220;4.27.0&#8243; _module_preset=&#8220;default&#8220; height=&#8220;100px&#8220; global_colors_info=&#8220;{}&#8220;][\/et_pb_image][\/et_pb_column][\/et_pb_row][\/et_pb_section]<\/p>\n","protected":false},"excerpt":{"rendered":"<p>UMBAUTENM\u00f6chten Sie ein weiteres Dosenformat auf Ihrer Anlage erg\u00e4nzen? Von Standard Dose auf Sleek, Slim oder sogar CDL?Im Laufe der Jahre sind neue Deckelarten auf den Markt gekommen, u.a. die CDL, Easy Open oder die Easy Peel-Deckel. Die meisten bestehenden Anlagen sind f\u00fcr derartige \u00c4nderungen inkompatibel. Wir haben diese Entwicklung mitverfolgt und f\u00fcr unsere Kunden [&hellip;]<\/p>\n","protected":false},"author":1,"featured_media":0,"parent":0,"menu_order":0,"comment_status":"closed","ping_status":"closed","template":"","meta":{"_et_pb_use_builder":"on","_et_pb_old_content":"","_et_gb_content_width":"","footnotes":""},"class_list":["post-131","page","type-page","status-publish","hentry"],"_links":{"self":[{"href":"https:\/\/lconsulting.ch\/en\/wp-json\/wp\/v2\/pages\/131","targetHints":{"allow":["GET"]}}],"collection":[{"href":"https:\/\/lconsulting.ch\/en\/wp-json\/wp\/v2\/pages"}],"about":[{"href":"https:\/\/lconsulting.ch\/en\/wp-json\/wp\/v2\/types\/page"}],"author":[{"embeddable":true,"href":"https:\/\/lconsulting.ch\/en\/wp-json\/wp\/v2\/users\/1"}],"replies":[{"embeddable":true,"href":"https:\/\/lconsulting.ch\/en\/wp-json\/wp\/v2\/comments?post=131"}],"version-history":[{"count":49,"href":"https:\/\/lconsulting.ch\/en\/wp-json\/wp\/v2\/pages\/131\/revisions"}],"predecessor-version":[{"id":1382,"href":"https:\/\/lconsulting.ch\/en\/wp-json\/wp\/v2\/pages\/131\/revisions\/1382"}],"wp:attachment":[{"href":"https:\/\/lconsulting.ch\/en\/wp-json\/wp\/v2\/media?parent=131"}],"curies":[{"name":"wp","href":"https:\/\/api.w.org\/{rel}","templated":true}]}}